{"id":1574,"date":"2019-07-11T07:29:41","date_gmt":"2019-07-11T11:29:41","guid":{"rendered":"https:\/\/votredefense.com\/champs-de-pratique-defense-complete-efficace\/"},"modified":"2026-04-06T14:31:48","modified_gmt":"2026-04-06T18:31:48","slug":"areas-de-practica","status":"publish","type":"page","link":"https:\/\/votredefense.com\/es\/areas-de-practica\/","title":{"rendered":"Champs de pratique (ES)"},"content":{"rendered":"<p style=\"text-align: center;\"><strong>Cont\u00e1ctenos si la acusaci\u00f3n que enfrenta no se encuentra en las siguientes secciones<\/strong><br \/>\nDiferentes medios de defensa podr\u00edan aplicarse seg\u00fan su caso para obtener una absoluci\u00f3n o un acuerdo favorable.<\/p>\n<p style=\"text-align: center;\">Los clientes de <b><a href=\"https:\/\/votredefense.com\/es\/\">Votre D\u00e9fense<\/a> y de <a href=\"https:\/\/www.solutionticket.com\/\" target=\"_blank\" rel=\"noopener\">Solution Ticket <\/a><\/b>tienen la ventaja de poder obtener los mejores resultados deseados durante las negociaciones.<\/p>\n<p style=\"text-align: center;\"><strong>Comun\u00edquese con nuestro despacho de abogados en derecho penal para obtener m\u00e1s informaci\u00f3n: <a href=\"tel:514-990-3430\">514 990-3430<\/a><\/strong><\/p>\n<div class=\"row\">\n<div class=\"col-md-12\">\n<h3 class=\"section-title\">\u00c1reas de pr\u00e1ctica<\/h3>\n<div class=\"col-md-4\">\n<div class=\"practice-item\">\n<p>&nbsp;<\/p>\n<div class=\"practice-icon\"><\/div>\n<h5 class=\"practice-title\"><a href=\"https:\/\/votredefense.com\/es\/droit-criminel\/\">Derecho Penal<\/a><\/h5>\n<p>&nbsp;<\/p>\n<p>&nbsp;<\/p>\n<\/div>\n<\/div>\n<div class=\"col-md-4\">\n<div class=\"practice-item\">\n<p>&nbsp;<\/p>\n<div class=\"practice-icon\"><\/div>\n<h5 class=\"practice-title\"><a href=\"https:\/\/votredefense.com\/es\/pardon-waiver\/\">Indulto y Waiver<\/a><\/h5>\n<p>&nbsp;<\/p>\n<p>&nbsp;<\/p>\n<\/div>\n<\/div>\n<div class=\"col-md-4\">\n<div class=\"practice-item\">\n<p>&nbsp;<\/p>\n<div class=\"practice-icon\"><\/div>\n<h5 class=\"practice-title\"><a href=\"https:\/\/votredefense.com\/es\/droit-penal-et-permis-de-conduire\/\">Derecho Penal y Licencia de Conducir<\/a><\/h5>\n<p>&nbsp;<\/p>\n<p>&nbsp;<\/p>\n<\/div>\n<\/div>\n<\/div>\n<\/div>\n","protected":false},"excerpt":{"rendered":"<p>Cont\u00e1ctenos si la acusaci\u00f3n que enfrenta no se encuentra en las siguientes secciones Diferentes medios de defensa podr\u00edan aplicarse seg\u00fan su caso para obtener una absoluci\u00f3n o un acuerdo favorable. Los clientes de Votre D\u00e9fense y de Solution Ticket tienen&#8230;<\/p>\n","protected":false},"author":3,"featured_media":1576,"parent":0,"menu_order":0,"comment_status":"closed","ping_status":"closed","template":"","meta":{"footnotes":""},"class_list":["post-1574","page","type-page","status-publish","has-post-thumbnail","hentry"],"_links":{"self":[{"href":"https:\/\/votredefense.com\/es\/wp-json\/wp\/v2\/pages\/1574","targetHints":{"allow":["GET"]}}],"collection":[{"href":"https:\/\/votredefense.com\/es\/wp-json\/wp\/v2\/pages"}],"about":[{"href":"https:\/\/votredefense.com\/es\/wp-json\/wp\/v2\/types\/page"}],"author":[{"embeddable":true,"href":"https:\/\/votredefense.com\/es\/wp-json\/wp\/v2\/users\/3"}],"replies":[{"embeddable":true,"href":"https:\/\/votredefense.com\/es\/wp-json\/wp\/v2\/comments?post=1574"}],"version-history":[{"count":4,"href":"https:\/\/votredefense.com\/es\/wp-json\/wp\/v2\/pages\/1574\/revisions"}],"predecessor-version":[{"id":1710,"href":"https:\/\/votredefense.com\/es\/wp-json\/wp\/v2\/pages\/1574\/revisions\/1710"}],"wp:featuredmedia":[{"embeddable":true,"href":"https:\/\/votredefense.com\/es\/wp-json\/wp\/v2\/media\/1576"}],"wp:attachment":[{"href":"https:\/\/votredefense.com\/es\/wp-json\/wp\/v2\/media?parent=1574"}],"curies":[{"name":"wp","href":"https:\/\/api.w.org\/{rel}","templated":true}]}}