{"id":1564,"date":"2019-07-25T18:20:34","date_gmt":"2019-07-25T22:20:34","guid":{"rendered":"https:\/\/votredefense.com\/droit-penal-et-permis-de-conduire\/"},"modified":"2026-04-06T14:31:37","modified_gmt":"2026-04-06T18:31:37","slug":"derecho-penal-licencia-conducir","status":"publish","type":"page","link":"https:\/\/votredefense.com\/es\/areas-de-practica\/derecho-penal-licencia-conducir\/","title":{"rendered":"Droit P\u00e9nal et Permis de Conduire (ES)"},"content":{"rendered":"<h5>Derecho penal y licencia de conducir SAAQ<\/h5>\n<div>Sin importar el problema, nuestros abogados har\u00e1n todo lo posible para encontrar la soluci\u00f3n y remediarlo r\u00e1pidamente.<\/div>\n<div>\u00a1Desea hacer valer sus derechos ante los juzgados municipales o los Palacios de Justicia de Quebec!<\/div>\n<div>\u00a1No est\u00e1 satisfecho con la sentencia dictada en su contra durante su juicio!<\/div>\n<div>Desea contar con la asistencia de un abogado que conoce todos los aspectos relacionados con las infracciones de tr\u00e1nsito durante su juicio.<\/div>\n<div>Pag\u00f3 un acta de infracci\u00f3n por error que condujo a la suspensi\u00f3n de su licencia de conducir.<\/div>\n<div>Fue declarado culpable en rebeld\u00eda y no quiere perder su licencia de conducir ni sus puntos de ineptitud.<\/div>\n<div>Su autom\u00f3vil fue incautado y \u00a1desea recuperarlo lo antes posible!<\/div>\n<div>Su licencia est\u00e1 suspendida y \u00bfdesea saber c\u00f3mo recuperarla?<\/div>\n<h5><\/h5>\n<h5>\u00bfLo sab\u00eda?<\/h5>\n<div>Los puntos de ineptitud no solo afectan su r\u00e9cord de conducci\u00f3n, sino que tambi\u00e9n pueden afectar su prima de seguro.<\/div>\n<div>Por lo tanto, es importante minimizar los impactos de una violaci\u00f3n del C\u00f3digo de Seguridad Vial.<br \/>\n\u00a1Adem\u00e1s, el tiempo juega en su contra, hay plazos que deben respetarse!<br \/>\n\u00a1Consulte con uno de nuestros abogados lo antes posible para encontrar la mejor soluci\u00f3n!<\/div>\n<div><strong>P\u00f3ngase en contacto con <a href=\"https:\/\/www.solutionticket.com\" target=\"_blank\" rel=\"noopener noreferrer\">SolutionTicket.com<\/a> al 514-990-7884<\/strong><\/div>\n<div>\n<p>IMPORTANTE: Todos los actos e informaci\u00f3n de naturaleza legal proporcionados o realizados por Votre D\u00e9fense y Solution Ticket<i> inc<\/i>. se tratan confidencialmente.<\/p>\n<hr \/>\n<p><strong>Infracciones del C\u00f3digo de Seguridad Vial CSR:<\/strong><\/p>\n<\/div>\n<div class=\"row\">\n<div class=\"col-sm-6 widget_categories\">\n<ul class=\"widget_recent_entries\" style=\"list-style: none; margin: 0px 0px 16px 0px;\">\n<li style=\"list-style-type: none;\">\n<ul class=\"widget_recent_entries\" style=\"list-style: none; margin: 0px 0px 16px 0px;\">\n<li><a href=\"https:\/\/www.solutionticket.com\/vitesse-excessive\/\" target=\"_blank\" rel=\"noopener\">Gran Exceso de Velocidad (GEV)<\/a><\/li>\n<li><a href=\"https:\/\/www.solutionticket.com\/feu-rouge\/\" target=\"_blank\" rel=\"noopener\">Parada obligatoria (se\u00f1ales, luces)<\/a><\/li>\n<li><a href=\"https:\/\/www.solutionticket.com\/conduite-dangereuse\/\" target=\"_blank\" rel=\"noopener\">Conducci\u00f3n peligrosa penal<\/a><\/li>\n<li><a href=\"https:\/\/www.solutionticket.com\/delit-de-fuite\/\" target=\"_blank\" rel=\"noopener\">Fuga de la escena del accidente<\/a><\/li>\n<li><a href=\"https:\/\/www.solutionticket.com\/cellulaire-texto-volant\/\" target=\"_blank\" rel=\"noopener\">Celular y mensajes de texto al volante<\/a><\/li>\n<li><a href=\"https:\/\/www.solutionticket.com\/autobus-scolaire\/\" target=\"_blank\" rel=\"noopener\">Parada para autob\u00fas escolar<\/a><\/li>\n<li><a href=\"https:\/\/www.solutionticket.com\/table-des-points-dinaptitude-au-quebec\/\" target=\"_blank\" rel=\"noopener\">Puntos de ineptitud en Quebec<\/a><\/li>\n<li><a href=\"https:\/\/www.solutionticket.com\/tableau-points-inaptitudes-ontario\/\" target=\"_blank\" rel=\"noopener\">Puntos de ineptitud en Ontario<\/a><\/li>\n<li><a href=\"https:\/\/www.solutionticket.com\/surf-vehicule-car-surfing\/\" target=\"_blank\" rel=\"noopener\">Car surfing y couch surfing<\/a><\/li>\n<li><a href=\"https:\/\/www.solutionticket.com\/\" target=\"_blank\" rel=\"noopener\">Cualquier infracci\u00f3n del C.S.R (SAAQ)<\/a><\/li>\n<li><a href=\"https:\/\/www.solutionticket.com\/retractation-sursis\/\" target=\"_blank\" rel=\"noopener\">Revocaci\u00f3n de sentencia<\/a><\/li>\n<li><a href=\"https:\/\/www.solutionticket.com\/demande-permis-restreint\/\" target=\"_blank\" rel=\"noopener\">Solicitud de licencia restringida<\/a><\/li>\n<li><a href=\"https:\/\/www.solutionticket.com\/retractation-sursis\/\" target=\"_blank\" rel=\"noopener\">Suspensi\u00f3n de ejecuci\u00f3n de sentencia<\/a><\/li>\n<li><a href=\"https:\/\/www.solutionticket.com\/mainlevee-de-saisie\/\" target=\"_blank\" rel=\"noopener\">Levantamiento del embargo<\/a><\/li>\n<li><a href=\"https:\/\/www.solutionticket.com\/appel-de-jugement\/\" target=\"_blank\" rel=\"noopener\">Apelaci\u00f3n de sentencia<\/a><\/li>\n<li><a href=\"https:\/\/www.solutionticket.com\/audition-ctq-saaq\/\" target=\"_blank\" rel=\"noopener\">Comisi\u00f3n de Transportes de Quebec CTQ<\/a><\/li>\n<\/ul>\n<\/li>\n<\/ul>\n<\/div>\n<div class=\"col-sm-6\">\n<p><img loading=\"lazy\" decoding=\"async\" class=\"alignnone size-medium wp-image-1368\" src=\"https:\/\/votredefense.com\/wp-content\/uploads\/2024\/04\/solution-ticket-514-990-7884-300x300.jpg\" alt=\"\" width=\"300\" height=\"300\" srcset=\"https:\/\/votredefense.com\/wp-content\/uploads\/2024\/04\/solution-ticket-514-990-7884-300x300.jpg 300w, https:\/\/votredefense.com\/wp-content\/uploads\/2024\/04\/solution-ticket-514-990-7884-150x150.jpg 150w, https:\/\/votredefense.com\/wp-content\/uploads\/2024\/04\/solution-ticket-514-990-7884.jpg 600w\" sizes=\"auto, (max-width: 300px) 100vw, 300px\" \/><\/p>\n<\/div>\n<p>&nbsp;<\/p>\n<\/div>\n","protected":false},"excerpt":{"rendered":"<p>Derecho penal y licencia de conducir SAAQ Sin importar el problema, nuestros abogados har\u00e1n todo lo posible para encontrar la soluci\u00f3n y remediarlo r\u00e1pidamente. \u00a1Desea hacer valer sus derechos ante los juzgados municipales o los Palacios de Justicia de Quebec!&#8230;<\/p>\n","protected":false},"author":3,"featured_media":0,"parent":1574,"menu_order":0,"comment_status":"closed","ping_status":"closed","template":"my-templates\/template-fullwidth.php","meta":{"footnotes":""},"class_list":["post-1564","page","type-page","status-publish","hentry"],"_links":{"self":[{"href":"https:\/\/votredefense.com\/es\/wp-json\/wp\/v2\/pages\/1564","targetHints":{"allow":["GET"]}}],"collection":[{"href":"https:\/\/votredefense.com\/es\/wp-json\/wp\/v2\/pages"}],"about":[{"href":"https:\/\/votredefense.com\/es\/wp-json\/wp\/v2\/types\/page"}],"author":[{"embeddable":true,"href":"https:\/\/votredefense.com\/es\/wp-json\/wp\/v2\/users\/3"}],"replies":[{"embeddable":true,"href":"https:\/\/votredefense.com\/es\/wp-json\/wp\/v2\/comments?post=1564"}],"version-history":[{"count":4,"href":"https:\/\/votredefense.com\/es\/wp-json\/wp\/v2\/pages\/1564\/revisions"}],"predecessor-version":[{"id":1709,"href":"https:\/\/votredefense.com\/es\/wp-json\/wp\/v2\/pages\/1564\/revisions\/1709"}],"up":[{"embeddable":true,"href":"https:\/\/votredefense.com\/es\/wp-json\/wp\/v2\/pages\/1574"}],"wp:attachment":[{"href":"https:\/\/votredefense.com\/es\/wp-json\/wp\/v2\/media?parent=1564"}],"curies":[{"name":"wp","href":"https:\/\/api.w.org\/{rel}","templated":true}]}}