{"id":1562,"date":"2019-07-25T18:36:44","date_gmt":"2019-07-25T22:36:44","guid":{"rendered":"https:\/\/votredefense.com\/pardon-waiver\/"},"modified":"2026-04-06T14:38:14","modified_gmt":"2026-04-06T18:38:14","slug":"perdon-y-waiver","status":"publish","type":"page","link":"https:\/\/votredefense.com\/es\/areas-de-practica\/perdon-y-waiver\/","title":{"rendered":"Pardon et Waiver (ES)"},"content":{"rendered":"<div>\n<h4 class=\"blog-title\">La importancia de obtener una suspensi\u00f3n del antecedente penal (solicitud de perd\u00f3n)<\/h4>\n<p>El equipo de <i>Votre D\u00e9fense <\/i>se especializa en solicitudes de suspensi\u00f3n de antecedentes penales. De esta manera evitar\u00e1s que errores se cuelen en tu solicitud y que esta sea rechazada. Nuestro equipo te acompa\u00f1ar\u00e1 en todo el proceso de los tr\u00e1mites administrativos requeridos y asegurar\u00e1 un seguimiento para que puedas obtener lo m\u00e1s r\u00e1pidamente posible la tranquilidad que mereces!<\/p>\n<p>&nbsp;<\/p>\n<p>Para m\u00e1s informaci\u00f3n, cont\u00e1ctanos ahora: 514-990-3430<\/p>\n<\/div>\n<div class=\"row\">\n<div class=\"col-sm-6 widget_categories\">\n<p><strong>\u00a1C\u00f3mo hacer una solicitud de Perd\u00f3n y Waiver!<\/strong><\/p>\n<ul class=\"widget_recent_entries\" style=\"list-style: none; margin: 10px 10px 16px 10px;\">\n<li><a href=\"https:\/\/votredefense.com\/demande-de-pardon-au-canada\/\"><span style=\"font-weight: 400;\">Solicitud de perd\u00f3n Canad\u00e1<\/span><\/a><\/li>\n<li><a href=\"https:\/\/votredefense.com\/waiver-pour-passer-les-douanes-americaines-usa\/\"><span style=\"font-weight: 400;\">Waiver Estadounidense ( USA )<\/span><\/a><\/li>\n<li><a href=\"https:\/\/votredefense.com\/es\/recuperation-de-documents-de-la-cour\/\"><span style=\"font-weight: 400;\">Recuperaci\u00f3n de documentos de la corte<\/span><\/a><\/li>\n<li><a href=\"https:\/\/votredefense.com\/es\/destruction-dempreintes-demande-de-non-communication\/\"><span style=\"font-weight: 400;\">Destrucci\u00f3n de huellas dactilares &amp; solicitud de no comunicaci\u00f3n<\/span><\/a><\/li>\n<\/ul>\n<\/div>\n<div class=\"col-sm-6\"><img loading=\"lazy\" decoding=\"async\" class=\"alignnone wp-image-1016\" src=\"https:\/\/votredefense.com\/wp-content\/uploads\/2019\/08\/canadian-pardon-us-waivers-300x128.jpg\" alt=\"Perd\u00f3n canadiense Waiver Estadounidense\" width=\"455\" height=\"194\" srcset=\"https:\/\/votredefense.com\/wp-content\/uploads\/2019\/08\/canadian-pardon-us-waivers-300x128.jpg 300w, https:\/\/votredefense.com\/wp-content\/uploads\/2019\/08\/canadian-pardon-us-waivers-768x328.jpg 768w, https:\/\/votredefense.com\/wp-content\/uploads\/2019\/08\/canadian-pardon-us-waivers-1024x437.jpg 1024w, https:\/\/votredefense.com\/wp-content\/uploads\/2019\/08\/canadian-pardon-us-waivers.jpg 1500w\" sizes=\"auto, (max-width: 455px) 100vw, 455px\" \/><\/div>\n<\/div>\n","protected":false},"excerpt":{"rendered":"<p>La importancia de obtener una suspensi\u00f3n del antecedente penal (solicitud de perd\u00f3n) El equipo de Votre D\u00e9fense se especializa en solicitudes de suspensi\u00f3n de antecedentes penales. De esta manera evitar\u00e1s que errores se cuelen en tu solicitud y que esta&#8230;<\/p>\n","protected":false},"author":3,"featured_media":0,"parent":1574,"menu_order":0,"comment_status":"closed","ping_status":"closed","template":"my-templates\/template-fullwidth.php","meta":{"footnotes":""},"class_list":["post-1562","page","type-page","status-publish","hentry"],"_links":{"self":[{"href":"https:\/\/votredefense.com\/es\/wp-json\/wp\/v2\/pages\/1562","targetHints":{"allow":["GET"]}}],"collection":[{"href":"https:\/\/votredefense.com\/es\/wp-json\/wp\/v2\/pages"}],"about":[{"href":"https:\/\/votredefense.com\/es\/wp-json\/wp\/v2\/types\/page"}],"author":[{"embeddable":true,"href":"https:\/\/votredefense.com\/es\/wp-json\/wp\/v2\/users\/3"}],"replies":[{"embeddable":true,"href":"https:\/\/votredefense.com\/es\/wp-json\/wp\/v2\/comments?post=1562"}],"version-history":[{"count":4,"href":"https:\/\/votredefense.com\/es\/wp-json\/wp\/v2\/pages\/1562\/revisions"}],"predecessor-version":[{"id":1708,"href":"https:\/\/votredefense.com\/es\/wp-json\/wp\/v2\/pages\/1562\/revisions\/1708"}],"up":[{"embeddable":true,"href":"https:\/\/votredefense.com\/es\/wp-json\/wp\/v2\/pages\/1574"}],"wp:attachment":[{"href":"https:\/\/votredefense.com\/es\/wp-json\/wp\/v2\/media?parent=1562"}],"curies":[{"name":"wp","href":"https:\/\/api.w.org\/{rel}","templated":true}]}}