{"id":1561,"date":"2019-07-25T18:48:17","date_gmt":"2019-07-25T22:48:17","guid":{"rendered":"https:\/\/votredefense.com\/droit-criminel\/"},"modified":"2026-04-06T14:38:08","modified_gmt":"2026-04-06T18:38:08","slug":"derecho-criminal","status":"publish","type":"page","link":"https:\/\/votredefense.com\/es\/areas-de-practica\/derecho-criminal\/","title":{"rendered":"Droit Criminel (ES)"},"content":{"rendered":"<div>ABOGADOS PENALISTAS RIVE-NORD \/ MONTR\u00c9AL \/ RIVE-SUD<\/div>\n<div><\/div>\n<div><strong>\u00bfLa acusaci\u00f3n que enfrenta no se encuentra a continuaci\u00f3n?<\/strong><br \/>\nDiferentes medios de defensa podr\u00edan aplicarse seg\u00fan su caso para obtener una absoluci\u00f3n o un arreglo ventajoso.<\/div>\n<div>Los clientes de Su Defensa tienen la ventaja de poder obtener los mejores resultados deseados durante las negociaciones.<\/div>\n<div>Actuar r\u00e1pidamente ante una acusaci\u00f3n penal es primordial.<\/div>\n<div>Comun\u00edquese con nuestros abogados en derecho penal para obtener informaci\u00f3n sobre la estrategia a adoptar.<\/div>\n<div><\/div>\n<div>Antes de tomar una mala decisi\u00f3n, <strong>Cont\u00e1ctenos al 514-990-3430<\/strong><\/div>\n<div class=\"row\">\n<div class=\"col-sm-6 widget_categories\">\n<p>&nbsp;<\/p>\n<h4 class=\"widgettitle\">Derecho penal<\/h4>\n<ul class=\"widget_recent_entries\" style=\"list-style: none; margin: 10px 10px 10px 10px;\">\n<li><a href=\"https:\/\/votredefense.com\/alcool-au-volant\/\">Conducci\u00f3n bajo efectos del alcohol<\/a><\/li>\n<li><a href=\"https:\/\/votredefense.com\/drogue-au-volant\/\">Conducci\u00f3n bajo efectos de drogas<\/a><\/li>\n<li><a href=\"https:\/\/votredefense.com\/possesion-et-ou-trafic-de-stupefiants\/\">Posesi\u00f3n y\/o tr\u00e1fico de estupefacientes<\/a><\/li>\n<li><a href=\"https:\/\/votredefense.com\/legalisation-du-cannabis-les-changements\/\">Producci\u00f3n o cultivo de estupefacientes<\/a><\/li>\n<li><a href=\"https:\/\/votredefense.com\/es\/vol-simple-vol-qualifie-et-recel\/\">Hurto en tienda, robo calificado, receptaci\u00f3n<\/a><\/li>\n<li><a href=\"https:\/\/votredefense.com\/es\/mefait\/\">Da\u00f1o a la propiedad<\/a><\/li>\n<li><a href=\"https:\/\/votredefense.com\/es\/fraude\/\">Fraude<\/a><\/li>\n<li><a href=\"https:\/\/votredefense.com\/es\/le-harcelement-criminel\/\">Acoso criminal<\/a><\/li>\n<li><a href=\"https:\/\/votredefense.com\/voie-de-fait\/\">V\u00edas de hecho<\/a><\/li>\n<li><a href=\"https:\/\/votredefense.com\/accusation-de-menaces\/\">Acusaci\u00f3n de amenazas<\/a><\/li>\n<li><a href=\"https:\/\/votredefense.com\/es\/consequences-dune-conduite-dangereuse-au-criminel\/\">Conducci\u00f3n peligrosa en lo penal<\/a><\/li>\n<li><a href=\"https:\/\/votredefense.com\/es\/appel-dun-jugement-de-premiere-instance\/\">Apelaci\u00f3n de sentencia de primera instancia<\/a><\/li>\n<li><a href=\"https:\/\/votredefense.com\/es\/jeunes-contrevenants\/\">J\u00f3venes infractores<\/a><\/li>\n<li><a href=\"https:\/\/votredefense.com\/preparation-evaluation-sommaire\/\">Preparaci\u00f3n evaluaci\u00f3n sumaria SAAQ<\/a><\/li>\n<li><a href=\"https:\/\/votredefense.com\/preparation-evaluation-sommaire\/\">Preparaci\u00f3n evaluaci\u00f3n completa SAAQ<\/a><\/li>\n<\/ul>\n<\/div>\n<div class=\"col-sm-6\">\n<p><img decoding=\"async\" src=\"\/wp-content\/uploads\/2019\/07\/criminel-mc2avocats.jpg\" \/><\/p>\n<\/div>\n<\/div>\n","protected":false},"excerpt":{"rendered":"<p>ABOGADOS PENALISTAS RIVE-NORD \/ MONTR\u00c9AL \/ RIVE-SUD \u00bfLa acusaci\u00f3n que enfrenta no se encuentra a continuaci\u00f3n? Diferentes medios de defensa podr\u00edan aplicarse seg\u00fan su caso para obtener una absoluci\u00f3n o un arreglo ventajoso. Los clientes de Su Defensa tienen la&#8230;<\/p>\n","protected":false},"author":3,"featured_media":0,"parent":1574,"menu_order":0,"comment_status":"closed","ping_status":"closed","template":"my-templates\/template-fullwidth.php","meta":{"footnotes":""},"class_list":["post-1561","page","type-page","status-publish","hentry"],"_links":{"self":[{"href":"https:\/\/votredefense.com\/es\/wp-json\/wp\/v2\/pages\/1561","targetHints":{"allow":["GET"]}}],"collection":[{"href":"https:\/\/votredefense.com\/es\/wp-json\/wp\/v2\/pages"}],"about":[{"href":"https:\/\/votredefense.com\/es\/wp-json\/wp\/v2\/types\/page"}],"author":[{"embeddable":true,"href":"https:\/\/votredefense.com\/es\/wp-json\/wp\/v2\/users\/3"}],"replies":[{"embeddable":true,"href":"https:\/\/votredefense.com\/es\/wp-json\/wp\/v2\/comments?post=1561"}],"version-history":[{"count":4,"href":"https:\/\/votredefense.com\/es\/wp-json\/wp\/v2\/pages\/1561\/revisions"}],"predecessor-version":[{"id":1707,"href":"https:\/\/votredefense.com\/es\/wp-json\/wp\/v2\/pages\/1561\/revisions\/1707"}],"up":[{"embeddable":true,"href":"https:\/\/votredefense.com\/es\/wp-json\/wp\/v2\/pages\/1574"}],"wp:attachment":[{"href":"https:\/\/votredefense.com\/es\/wp-json\/wp\/v2\/media?parent=1561"}],"curies":[{"name":"wp","href":"https:\/\/api.w.org\/{rel}","templated":true}]}}