{"id":1529,"date":"2024-01-28T23:29:20","date_gmt":"2024-01-29T03:29:20","guid":{"rendered":"https:\/\/votredefense.com\/politique-de-confidentialite\/"},"modified":"2026-04-06T19:41:35","modified_gmt":"2026-04-06T23:41:35","slug":"politica-de-privacidad","status":"publish","type":"page","link":"https:\/\/votredefense.com\/es\/politica-de-privacidad\/","title":{"rendered":"Politique de confidentialit\u00e9 (ES)"},"content":{"rendered":"\n<h2 class=\"wp-block-heading\">\u00bfQui\u00e9nes somos?<\/h2>\n\n\n\n<p><strong class=\"privacy-policy-tutorial\">Texto sugerido: <\/strong>La direcci\u00f3n de nuestro sitio es: https:\/\/votredefense.com.<\/p>\n\n\n\n<h2 class=\"wp-block-heading\">Comentarios<\/h2>\n\n\n\n<p><strong class=\"privacy-policy-tutorial\">Texto sugerido: <\/strong>Cuando dejas un comentario en nuestro sitio, los datos ingresados en el formulario de comentario, as\u00ed como tu direcci\u00f3n IP y el agente de usuario de tu navegador se recopilan para ayudarnos a detectar comentarios no deseados.<\/p>\n\n\n\n<p>Una cadena anonimizada creada a partir de tu direcci\u00f3n de correo electr\u00f3nico (tambi\u00e9n llamada hash) puede ser enviada al servicio Gravatar para verificar si lo utilizas. Las pol\u00edticas de privacidad del servicio Gravatar est\u00e1n disponibles aqu\u00ed: https:\/\/automattic.com\/privacy\/. Despu\u00e9s de validar tu comentario, tu foto de perfil ser\u00e1 visible p\u00fablicamente junto a tu comentario.<\/p>\n\n\n\n<h2 class=\"wp-block-heading\">Medios<\/h2>\n\n\n\n<p><strong class=\"privacy-policy-tutorial\">Texto sugerido: <\/strong>Si cargas im\u00e1genes en el sitio, te recomendamos evitar cargar im\u00e1genes que contengan datos EXIF de coordenadas GPS. Las personas que visiten tu sitio podr\u00e1n descargar y extraer datos de ubicaci\u00f3n de estas im\u00e1genes.<\/p>\n\n\n\n<h2 class=\"wp-block-heading\">Cookies<\/h2>\n\n\n\n<p><strong class=\"privacy-policy-tutorial\">Texto sugerido: <\/strong>Si dejas un comentario en nuestro sitio, se te ofrecer\u00e1 guardar tu nombre, direcci\u00f3n de correo electr\u00f3nico y sitio web en cookies. Esto es \u00fanicamente para tu comodidad, para que no tengas que ingresar esta informaci\u00f3n si dejas otro comentario m\u00e1s adelante. Estas cookies vencen despu\u00e9s de un a\u00f1o.<\/p>\n\n\n\n<p>Si visitas la p\u00e1gina de inicio de sesi\u00f3n, se crear\u00e1 una cookie temporal para determinar si tu navegador acepta cookies. No contiene datos personales y se eliminar\u00e1 autom\u00e1ticamente cuando cierres tu navegador.<\/p>\n\n\n\n<p>Cuando inicies sesi\u00f3n, implementaremos una serie de cookies para registrar tu informaci\u00f3n de inicio de sesi\u00f3n y tus preferencias de pantalla. La duraci\u00f3n de una cookie de inicio de sesi\u00f3n es de dos d\u00edas, la de una cookie de opci\u00f3n de pantalla es de un a\u00f1o. Si marcas \u00abRecu\u00e9rdame\u00bb, tu cookie de inicio de sesi\u00f3n se conservar\u00e1 durante dos semanas. Si cierras sesi\u00f3n en tu cuenta, la cookie de inicio de sesi\u00f3n se eliminar\u00e1.<\/p>\n\n\n\n<p>Al modificar o publicar una entrada, se guardar\u00e1 una cookie adicional en tu navegador. Esta cookie no contiene datos personales. Solo indica la ID de la entrada que acabas de modificar. Vence despu\u00e9s de un d\u00eda.<\/p>\n\n\n\n<h2 class=\"wp-block-heading\">Contenido incrustado desde otros sitios<\/h2>\n\n\n\n<p><strong class=\"privacy-policy-tutorial\">Texto sugerido: <\/strong>Los art\u00edculos de este sitio pueden incluir contenido integrado (por ejemplo, v\u00eddeos, im\u00e1genes, art\u00edculos, etc.). El contenido integrado desde otros sitios se comporta de la misma manera que si el visitante fuera a ese otro sitio.<\/p>\n\n\n\n<p>Estos sitios web podr\u00edan recopilar datos sobre ti, utilizar cookies, integrar herramientas de seguimiento de terceros y rastrear tus interacciones con este contenido integrado si tienes una cuenta iniciada en su sitio web.<\/p>\n\n\n\n<h2 class=\"wp-block-heading\">Uso y transmisi\u00f3n de tus datos personales<\/h2>\n\n\n\n<p><strong class=\"privacy-policy-tutorial\">Texto sugerido: <\/strong>Si solicitas una restablecimiento de contrase\u00f1a, tu direcci\u00f3n IP se incluir\u00e1 en el correo electr\u00f3nico de restablecimiento.<\/p>\n\n\n\n<h2 class=\"wp-block-heading\">Per\u00edodos de almacenamiento de tus datos<\/h2>\n\n\n\n<p><strong class=\"privacy-policy-tutorial\">Texto sugerido: <\/strong>Si dejas un comentario, el comentario y sus metadatos se conservan indefinidamente. Esto permite reconocer y aprobar autom\u00e1ticamente los comentarios posteriores en lugar de dejarlos en la cola de moderaci\u00f3n.<\/p>\n\n\n\n<p>Para las cuentas que se registran en nuestro sitio (si aplica), tambi\u00e9n almacenamos los datos personales indicados en su perfil. Todas las cuentas pueden ver, modificar o eliminar su informaci\u00f3n personal en cualquier momento (excepto su nombre de usuario). Los administradores del sitio tambi\u00e9n pueden ver y modificar esta informaci\u00f3n.<\/p>\n\n\n\n<h2 class=\"wp-block-heading\">Los derechos que tienes sobre tus datos<\/h2>\n\n\n\n<p><strong class=\"privacy-policy-tutorial\">Texto sugerido: <\/strong>Si tienes una cuenta o si has dejado comentarios en el sitio, puedes solicitar recibir un archivo que contenga todos los datos personales que tenemos sobre ti, incluidos los que nos proporcionaste. Tambi\u00e9n puedes solicitar la eliminaci\u00f3n de los datos personales que te conciernen. Esto no incluye datos almacenados para fines administrativos, legales o de seguridad.<\/p>\n\n\n\n<h2 class=\"wp-block-heading\">D\u00f3nde se env\u00edan tus datos<\/h2>\n\n\n\n<p><strong class=\"privacy-policy-tutorial\">Texto sugerido: <\/strong>Los comentarios de los visitantes pueden verificarse utilizando un servicio automatizado de detecci\u00f3n de comentarios no deseados.<\/p>\n","protected":false},"excerpt":{"rendered":"<p>\u00bfQui\u00e9nes somos? Texto sugerido: La direcci\u00f3n de nuestro sitio es: https:\/\/votredefense.com. Comentarios Texto sugerido: Cuando dejas un comentario en nuestro sitio, los datos ingresados en el formulario de comentario, as\u00ed como tu direcci\u00f3n IP y el agente de usuario de&#8230;<\/p>\n","protected":false},"author":4,"featured_media":0,"parent":0,"menu_order":0,"comment_status":"closed","ping_status":"closed","template":"","meta":{"footnotes":""},"class_list":["post-1529","page","type-page","status-publish","hentry"],"_links":{"self":[{"href":"https:\/\/votredefense.com\/es\/wp-json\/wp\/v2\/pages\/1529","targetHints":{"allow":["GET"]}}],"collection":[{"href":"https:\/\/votredefense.com\/es\/wp-json\/wp\/v2\/pages"}],"about":[{"href":"https:\/\/votredefense.com\/es\/wp-json\/wp\/v2\/types\/page"}],"author":[{"embeddable":true,"href":"https:\/\/votredefense.com\/es\/wp-json\/wp\/v2\/users\/4"}],"replies":[{"embeddable":true,"href":"https:\/\/votredefense.com\/es\/wp-json\/wp\/v2\/comments?post=1529"}],"version-history":[{"count":3,"href":"https:\/\/votredefense.com\/es\/wp-json\/wp\/v2\/pages\/1529\/revisions"}],"predecessor-version":[{"id":1699,"href":"https:\/\/votredefense.com\/es\/wp-json\/wp\/v2\/pages\/1529\/revisions\/1699"}],"wp:attachment":[{"href":"https:\/\/votredefense.com\/es\/wp-json\/wp\/v2\/media?parent=1529"}],"curies":[{"name":"wp","href":"https:\/\/api.w.org\/{rel}","templated":true}]}}