{"id":1517,"date":"2026-04-06T12:18:46","date_gmt":"2026-04-06T16:18:46","guid":{"rendered":"https:\/\/votredefense.com\/inicio\/"},"modified":"2026-04-06T19:25:18","modified_gmt":"2026-04-06T23:25:18","slug":"inicio","status":"publish","type":"page","link":"https:\/\/votredefense.com\/es\/","title":{"rendered":"Accueil (ES)"},"content":{"rendered":"<div class=\"row\">\n<div class=\"col-md-12\">\n<div class=\"intro-msg\">\n<h3 class=\"intro-2\" style=\"text-align: center;\"><span class=\"intro-big-italic font36\">Abogados Derecho Criminal y Penal<\/span><\/h3>\n<h4 class=\"intro-2\" style=\"text-align: center;\">Rive-Nord \/ Montr\u00e9al \/ Rive-Sud<\/h4>\n<\/div>\n<\/div>\n<div class=\"col-sm-6 widget_categories\">\n<h3 class=\"widgettitle\">Derecho Criminal<\/h3>\n<ul class=\"widget_recent_entries\" style=\"list-style: none; margin: 10px 10px 10px 10px;\">\n<ul class=\"widget_recent_entries\" style=\"list-style: none; margin: 10px 10px 10px 10px;\">\n<li><a href=\"https:\/\/votredefense.com\/es\/alcool-au-volant\/\">Conducci\u00f3n bajo la influencia del alcohol<\/a><\/li>\n<li><a href=\"https:\/\/votredefense.com\/es\/Drogue-au-volant\/\">Conducci\u00f3n bajo la influencia de drogas<\/a><\/li>\n<li><a href=\"https:\/\/votredefense.com\/es\/evitez-un-casier-judiciaire-absolution\/\/\">Evitar un antecedente penal con una Absoluci\u00f3n<\/a><\/li>\n<li><a href=\"https:\/\/votredefense.com\/es\/consequence-dun-refus-de-souffler-dans-lethylometre-ada\/\">Negarse u omitir soplar en un alcohol\u00edmetro (ADA)<\/a><\/li>\n<li><a href=\"https:\/\/votredefense.com\/es\/possesion-et-ou-trafic-de-stupefiants\/\">Posesi\u00f3n y\/o tr\u00e1fico de estupefacientes<\/a><\/li>\n<li><a href=\"https:\/\/votredefense.com\/es\/legalisation-du-cannabis-les-changements\/\">Producci\u00f3n o cultivo de estupefacientes<\/a><\/li>\n<li><a href=\"https:\/\/votredefense.com\/es\/vol-simple-vol-qualifie-et-recel\/\">Robo en tienda, robo calificado, receptaci\u00f3n<\/a><\/li>\n<li><a href=\"https:\/\/votredefense.com\/es\/mefait\/\">Da\u00f1o a la propiedad<\/a><\/li>\n<li><a href=\"https:\/\/votredefense.com\/es\/fraude\/\">Fraude<\/a><\/li>\n<li><a href=\"https:\/\/votredefense.com\/es\/le-harcelement-criminel\/\">Acoso criminal<\/a><\/li>\n<li><a href=\"https:\/\/votredefense.com\/es\/voie-de-fait\/\">Asalto<\/a><\/li>\n<li><a href=\"https:\/\/votredefense.com\/es\/accusation-de-menaces\/\">Acusaci\u00f3n de amenaza<\/a><\/li>\n<li><a href=\"https:\/\/votredefense.com\/es\/consequences-dune-conduite-dangereuse-au-criminel\/\">Conducci\u00f3n peligrosa criminal<\/a><\/li>\n<li><a href=\"https:\/\/votredefense.com\/es\/appel-dun-jugement-de-premiere-instance\/\">Apelaci\u00f3n de fallo de primera instancia<\/a><\/li>\n<li><a href=\"https:\/\/votredefense.com\/es\/jeunes-contrevenants\/\">J\u00f3venes delincuentes<\/a><\/li>\n<li><a href=\"https:\/\/votredefense.com\/es\/preparation-evaluation-sommaire\/\">Preparaci\u00f3n evaluaci\u00f3n sumaria SAAQ<\/a><\/li>\n<li><a href=\"https:\/\/votredefense.com\/es\/preparation-evaluation-sommaire\/\">Preparaci\u00f3n evaluaci\u00f3n completa SAAQ<\/a><\/li>\n<\/ul>\n<\/li>\n<\/ul>\n<\/div>\n<div class=\"col-sm-6 widget_categories\">\n<h3 class=\"widgettitle\"><b>Perd\u00f3n y exenci\u00f3n<\/b><\/h3>\n<ul class=\"widget_recent_entries\" style=\"list-style: none; margin: 10px 10px 10px0px;\">\n<li><a href=\"https:\/\/votredefense.com\/es\/demande-de-pardon-au-canada\/\">Solicitud de perd\u00f3n Canada<\/a><\/li>\n<li><a href=\"https:\/\/votredefense.com\/es\/waiver-pour-passer-les-douanes-americaines-usa\/\">Exenci\u00f3n Estadounidense (USA)<\/a><\/li>\n<li><a href=\"https:\/\/votredefense.com\/es\/recuperation-de-documents-de-la-cour\/\">Recuperaci\u00f3n de documentos de la corte<\/a><\/li>\n<li><a href=\"https:\/\/votredefense.com\/es\/destruction-dempreintes-demande-de-non-communication\/\">Destrucci\u00f3n de huellas y solicitud de no divulgaci\u00f3n<\/a><\/li>\n<\/ul>\n<\/div>\n<div class=\"col-sm-6 widget_categories\">\n<h3 class=\"widgettitle\"><b>C\u00f3digo de seguridad vial y Derecho Penal:<\/b><\/h3>\n<ul class=\"widget_recent_entries\" style=\"list-style: none; margin: 10px 10px 10px 10px;\">\n<li><a href=\"https:\/\/www.solutionticket.com\/vitesse-excessive\/\" target=\"_blank\" rel=\"noopener\">Gran exceso de velocidad (GEV)<\/a><\/li>\n<li><a href=\"https:\/\/www.solutionticket.com\/feu-rouge\/\" target=\"_blank\" rel=\"noopener\">Alto obligatorio (se\u00f1ales de alto, sem\u00e1foros)<\/a><\/li>\n<li><a href=\"https:\/\/www.solutionticket.com\/conduite-dangereuse\/\" target=\"_blank\" rel=\"noopener\">Conducci\u00f3n peligrosa penal<\/a><\/li>\n<li><a href=\"https:\/\/www.solutionticket.com\/delit-de-fuite\/\" target=\"_blank\" rel=\"noopener\">Fuga de la escena<\/a><\/li>\n<li><a href=\"https:\/\/www.solutionticket.com\/cellulaire-texto-volant\/\" target=\"_blank\" rel=\"noopener\">Tel\u00e9fono celular y mensajes de texto mientras se conduce<\/a><\/li>\n<li><a href=\"https:\/\/www.solutionticket.com\/autobus-scolaire\/\" target=\"_blank\" rel=\"noopener\">Alto para autob\u00fas escolar<\/a><\/li>\n<li><a href=\"https:\/\/www.solutionticket.com\/table-des-points-dinaptitude-au-quebec\/\" target=\"_blank\" rel=\"noopener\">Puntos de incapacidad en Quebec<\/a><\/li>\n<li><a href=\"https:\/\/www.solutionticket.com\/tableau-points-inaptitudes-ontario\/\" target=\"_blank\" rel=\"noopener\">Puntos de incapacidad en Ontario<\/a><\/li>\n<li><a href=\"https:\/\/www.solutionticket.com\/surf-vehicule-car-surfing\/\" target=\"_blank\" rel=\"noopener\">Car surfing y couch surfing<\/a><\/li>\n<li><a href=\"https:\/\/www.solutionticket.com\/\" target=\"_blank\" rel=\"noopener\">Cualquier infracci\u00f3n al CSR (SAAQ)<\/a><\/li>\n<li><a href=\"https:\/\/www.solutionticket.com\/retractation-sursis\/\" target=\"_blank\" rel=\"noopener\">Retractaci\u00f3n de sentencia<\/a><\/li>\n<li><a href=\"https:\/\/www.solutionticket.com\/demande-permis-restreint\/\" target=\"_blank\" rel=\"noopener\">Solicitud de licencia restringida<\/a><\/li>\n<li><a href=\"https:\/\/www.solutionticket.com\/retractation-sursis\/\" target=\"_blank\" rel=\"noopener\">Suspensi\u00f3n de ejecuci\u00f3n de sentencia<\/a><\/li>\n<li><a href=\"https:\/\/www.solutionticket.com\/mainlevee-de-saisie\/\" target=\"_blank\" rel=\"noopener\">Levantamiento de embargo<\/a><\/li>\n<li><a href=\"https:\/\/www.solutionticket.com\/appel-de-jugement\/\" target=\"_blank\" rel=\"noopener\">Apelaci\u00f3n de una sentencia<\/a><\/li>\n<li><a href=\"https:\/\/www.solutionticket.com\/audition-ctq-saaq\/\" target=\"_blank\" rel=\"noopener\">Comisi\u00f3n de Transporte de Quebec CTQ<\/a><\/li>\n<\/ul>\n<\/div>\n<\/div>\n<div class=\"row\">\n<div class=\"col-md-12\" style=\"list-style: none; margin: 20px 10px 20px 10px;\"><center><strong>Su Defensa es propiedad de <a href=\"https:\/\/www.solutionticket.com\/\" target=\"blank\" rel=\"noopener noreferrer\">SolutionTicket.com<\/a> <\/strong><\/center><\/div>\n<\/div>\n<div class=\"row\">\n<div class=\"col-md-12\">\n<h3 class=\"section-title\">\u00c1reas de pr\u00e1ctica<\/h3>\n<div class=\"col-md-4\">\n<div class=\"practice-item\"><a href=\"https:\/\/votredefense.com\/es\/champs-de-pratique\/droit-criminel\/\"><\/p>\n<div class=\"practice-icon\"><i class=\"fa fa-gavel\"><\/i><\/div>\n<h5 class=\"practice-title\">Derecho Criminal<\/h5>\n<p><\/a><\/p>\n<p><a href=\"https:\/\/votredefense.com\/es\/champs-de-pratique\/droit-criminel\/\"><\/a><\/p>\n<\/div>\n<\/div>\n<div class=\"col-md-4\">\n<div class=\"practice-item\"><a href=\"https:\/\/votredefense.com\/es\/champs-de-pratique\/pardon-waiver\/\"><\/p>\n<div class=\"practice-icon\"><i class=\"fa fa-balance-scale\"><\/i><\/div>\n<h5 class=\"practice-title\">Perd\u00f3n y Exenci\u00f3n<\/h5>\n<p><\/a><\/p>\n<p><a href=\"https:\/\/votredefense.com\/es\/champs-de-pratique\/pardon-waiver\/\"><\/a><\/p>\n<\/div>\n<\/div>\n<div class=\"col-md-4\">\n<div class=\"practice-item\"><a href=\"https:\/\/votredefense.com\/es\/champs-de-pratique\/droit-penal-et-permis-de-conduire\/\"><\/p>\n<div class=\"practice-icon\"><i class=\"fa fa-car\"><\/i><\/div>\n<h5 class=\"practice-title\">Derecho Penal y CSR<\/h5>\n<p><\/a><\/p>\n<p><a href=\"https:\/\/votredefense.com\/es\/champs-de-pratique\/droit-penal-et-permis-de-conduire\/\"><\/a><\/p>\n<\/div>\n<\/div><\/div>\n<\/p><\/div>\n<div class=\"row\">\n<h4 style=\"font-size: 1.8em; text-align: center;\">\u00a1Estamos aqu\u00ed para ayudarte!<\/h4>\n<\/div>\n<div class=\"row\">\n<div class=\"col-md-10 col-md-offset-1 alignc\">\n<h3 style=\"font-size: 1.8em;\">Actuar r\u00e1pidamente cuando enfrenta una acusaci\u00f3n criminal es primordial.<\/h3>\n<p><strong>\u00bfLa acusaci\u00f3n que enfrenta no aparece arriba?<\/strong><br \/>\nDiferentes medios de defensa podr\u00edan aplicarse seg\u00fan su caso para obtener una absoluci\u00f3n o un arreglo favorable.<\/p>\n<p>Los clientes de <b>Su Defensa y Solution Ticket<\/b> tienen la ventaja de poder obtener los mejores resultados deseados durante las negociaciones.<\/p>\n<p><strong>Comun\u00edquese con nuestros abogados en derecho criminal y penal para obtener m\u00e1s informaci\u00f3n. <a href=\"tel:514-990-3430\">514 990-3430<\/a><\/strong><\/p>\n<\/div>\n<\/div>\n","protected":false},"excerpt":{"rendered":"<p>Abogados Derecho Criminal y Penal Rive-Nord \/ Montr\u00e9al \/ Rive-Sud Derecho Criminal Conducci\u00f3n bajo la influencia del alcohol Conducci\u00f3n bajo la influencia de drogas Evitar un antecedente penal con una Absoluci\u00f3n Negarse u omitir soplar en un alcohol\u00edmetro (ADA) Posesi\u00f3n&#8230;<\/p>\n","protected":false},"author":3,"featured_media":0,"parent":0,"menu_order":0,"comment_status":"closed","ping_status":"closed","template":"my-templates\/template-home3.php","meta":{"footnotes":""},"class_list":["post-1517","page","type-page","status-publish","hentry"],"_links":{"self":[{"href":"https:\/\/votredefense.com\/es\/wp-json\/wp\/v2\/pages\/1517","targetHints":{"allow":["GET"]}}],"collection":[{"href":"https:\/\/votredefense.com\/es\/wp-json\/wp\/v2\/pages"}],"about":[{"href":"https:\/\/votredefense.com\/es\/wp-json\/wp\/v2\/types\/page"}],"author":[{"embeddable":true,"href":"https:\/\/votredefense.com\/es\/wp-json\/wp\/v2\/users\/3"}],"replies":[{"embeddable":true,"href":"https:\/\/votredefense.com\/es\/wp-json\/wp\/v2\/comments?post=1517"}],"version-history":[{"count":3,"href":"https:\/\/votredefense.com\/es\/wp-json\/wp\/v2\/pages\/1517\/revisions"}],"predecessor-version":[{"id":1776,"href":"https:\/\/votredefense.com\/es\/wp-json\/wp\/v2\/pages\/1517\/revisions\/1776"}],"wp:attachment":[{"href":"https:\/\/votredefense.com\/es\/wp-json\/wp\/v2\/media?parent=1517"}],"curies":[{"name":"wp","href":"https:\/\/api.w.org\/{rel}","templated":true}]}}